{"id":25565,"date":"2020-06-02T16:01:04","date_gmt":"2020-06-02T14:01:04","guid":{"rendered":"https:\/\/bernardforever.fr\/custom-ephemeral-tattoo\/"},"modified":"2024-10-02T16:35:42","modified_gmt":"2024-10-02T14:35:42","slug":"custom-temporary-tattoo","status":"publish","type":"page","link":"https:\/\/bernardforever.fr\/en\/custom-temporary-tattoo\/","title":{"rendered":"Custom temporary tattoo"},"content":{"rendered":"\n<div class=\"schema-faq wp-block-yoast-faq-block\"><div class=\"schema-faq-section\" id=\"faq-question-1709911537572\"><strong class=\"schema-faq-question\">How do I create my custom temporary tattoo sheet?<\/strong> <p class=\"schema-faq-answer\">There are two ways to create your own personalized tattoos:  <br>1 &#8211; <strong>You create your own drawings<\/strong> and send them to us in vector or Photoshop format at 600 dpi for optimum quality. After that, we take care of everything, you take care of nothing!  <br>2 &#8211; <strong>We create personalized tattoos for you<\/strong>. All you have to do is give us a brief: what you like, your inspirations, ideas for designs to be represented&#8230; you give us the broad guidelines and our graphic designer will bring your project to life!<\/p> <\/div> <div class=\"schema-faq-section\" id=\"faq-question-1709911864642\"><strong class=\"schema-faq-question\"><strong>How are temporary tattoos applied?<\/strong><\/strong> <p class=\"schema-faq-answer\">As we all did in our childhood, Bernard&#8217;s temporary tattoos are applied to the skin with a little water. The hold is estimated between 3 and 7 days depending on daily exposure. To remove them, ease as pie: a little water and soap, or makeup remover lotion will suffice by rubbing lightly on the tattoo.  <\/p> <\/div> <div class=\"schema-faq-section\" id=\"faq-question-1709911870448\"><strong class=\"schema-faq-question\"><strong>What formats are offered?<\/strong><\/strong> <p class=\"schema-faq-answer\">We present the tattoos in the form of sheets, A3, A4, A5, A6, A7 format\u2026 Everything is possible, everything is achievable! The smallest format that we offer is a sheet of 5x5cm format. The only requirement for composing the sheet: make sure that all the tattoos can fit on the surface of the front sheet. Basic, simple!   <\/p> <\/div> <div class=\"schema-faq-section\" id=\"faq-question-1709911882246\"><strong class=\"schema-faq-question\"><strong>What are the prices?<\/strong><\/strong> <p class=\"schema-faq-answer\">The price varies depending on the size of the board and the number of copies\/models. You can put several drawings per board and use as many colors as you want, this has no impact on the price. Note that Bernard cannot produce less than 100 copies. The good news: there is no maximum ceiling on quantities, so treat yourself!   <\/p> <\/div> <div class=\"schema-faq-section\" id=\"faq-question-1709911892472\"><strong class=\"schema-faq-question\"><strong>How long will it take to receive my delivery?<\/strong><\/strong> <p class=\"schema-faq-answer\">Bernard is committed to delivering your order to you within 2 to 3 weeks maximum, including creation if necessary. The cost of delivery is \u20ac25 excluding VAT.  <\/p> <\/div> <div class=\"schema-faq-section\" id=\"faq-question-1709911901857\"><strong class=\"schema-faq-question\"><strong>What are the tattoo sheets made of?<\/strong><\/strong> <p class=\"schema-faq-answer\">Tattoos are created with soybean oil based ink, without henna. You can create tattoos in color or black.  <br>All temporary tattoos produced by Bernard Forever have been tested by an independent laboratory and meet the CE standard (European Community regulation which guarantees the control and conformity of the product for marketing on the market).<\/p> <\/div> <\/div>\n","protected":false},"excerpt":{"rendered":"","protected":false},"author":1,"featured_media":24376,"parent":0,"menu_order":0,"comment_status":"closed","ping_status":"closed","template":"page-templates\/page-tatouages-temporaires.php","meta":{"_acf_changed":false,"inline_featured_image":false,"footnotes":""},"class_list":["post-25565","page","type-page","status-publish","has-post-thumbnail","hentry"],"acf":[],"yoast_head":"<!-- This site is optimized with the Yoast SEO plugin v25.4 - https:\/\/yoast.com\/wordpress\/plugins\/seo\/ -->\n<title>Bernard Forever &#8212; Customize your temporary tattoos!<\/title>\n<meta name=\"description\" content=\"Need custom temporary tattoos for an event? Bernard provides you with a quality service at low prices!\" \/>\n<meta name=\"robots\" content=\"index, follow, max-image-preview:large, max-video-preview:-1, nosnippet\" \/>\n<link rel=\"canonical\" href=\"https:\/\/bernardforever.fr\/en\/custom-temporary-tattoo\/\" \/>\n<meta property=\"og:locale\" content=\"en_US\" \/>\n<meta property=\"og:type\" content=\"article\" \/>\n<meta property=\"og:title\" content=\"Bernard Forever &#8212; Customize your temporary tattoos!\" \/>\n<meta property=\"og:description\" content=\"Need custom temporary tattoos for an event? Bernard provides you with a quality service at low prices!\" \/>\n<meta property=\"og:url\" content=\"https:\/\/bernardforever.fr\/en\/custom-temporary-tattoo\/\" \/>\n<meta property=\"og:site_name\" content=\"Bernard Forever\" \/>\n<meta property=\"article:publisher\" content=\"https:\/\/facebook.com\/bernardforever\" \/>\n<meta property=\"article:modified_time\" content=\"2024-10-02T14:35:42+00:00\" \/>\n<meta property=\"og:image\" content=\"https:\/\/bernardforever.fr\/wp-content\/uploads\/2020\/07\/bf-tatouages-temporaires-personnalises.jpg\" \/>\n\t<meta property=\"og:image:width\" content=\"895\" \/>\n\t<meta property=\"og:image:height\" content=\"550\" \/>\n\t<meta property=\"og:image:type\" content=\"image\/jpeg\" \/>\n<meta name=\"twitter:card\" content=\"summary_large_image\" \/>\n<meta name=\"twitter:label1\" content=\"Est. reading time\" \/>\n\t<meta name=\"twitter:data1\" content=\"2 minutes\" \/>\n<!-- \/ Yoast SEO plugin. -->","yoast_head_json":{"title":"Bernard Forever &#8212; Customize your temporary tattoos!","description":"Need custom temporary tattoos for an event? Bernard provides you with a quality service at low prices!","robots":{"index":"index","follow":"follow","max-image-preview":"max-image-preview:large","max-video-preview":"max-video-preview:-1","snippet":"nosnippet"},"canonical":"https:\/\/bernardforever.fr\/en\/custom-temporary-tattoo\/","og_locale":"en_US","og_type":"article","og_title":"Bernard Forever &#8212; Customize your temporary tattoos!","og_description":"Need custom temporary tattoos for an event? Bernard provides you with a quality service at low prices!","og_url":"https:\/\/bernardforever.fr\/en\/custom-temporary-tattoo\/","og_site_name":"Bernard Forever","article_publisher":"https:\/\/facebook.com\/bernardforever","article_modified_time":"2024-10-02T14:35:42+00:00","og_image":[{"width":895,"height":550,"url":"https:\/\/bernardforever.fr\/wp-content\/uploads\/2020\/07\/bf-tatouages-temporaires-personnalises.jpg","type":"image\/jpeg"}],"twitter_card":"summary_large_image","twitter_misc":{"Est. reading time":"2 minutes"},"schema":{"@context":"https:\/\/schema.org","@graph":[{"@type":["WebPage","FAQPage"],"@id":"https:\/\/bernardforever.fr\/en\/custom-temporary-tattoo\/","url":"https:\/\/bernardforever.fr\/en\/custom-temporary-tattoo\/","name":"Bernard Forever &#8212; Customize your temporary tattoos!","isPartOf":{"@id":"https:\/\/bernardforever.fr\/en\/#website"},"primaryImageOfPage":{"@id":"https:\/\/bernardforever.fr\/en\/custom-temporary-tattoo\/#primaryimage"},"image":{"@id":"https:\/\/bernardforever.fr\/en\/custom-temporary-tattoo\/#primaryimage"},"thumbnailUrl":"https:\/\/bernardforever.fr\/wp-content\/uploads\/2020\/07\/bf-tatouages-temporaires-personnalises.jpg","datePublished":"2020-06-02T14:01:04+00:00","dateModified":"2024-10-02T14:35:42+00:00","description":"Need custom temporary tattoos for an event? Bernard provides you with a quality service at low prices!","breadcrumb":{"@id":"https:\/\/bernardforever.fr\/en\/custom-temporary-tattoo\/#breadcrumb"},"mainEntity":[{"@id":"https:\/\/bernardforever.fr\/en\/custom-temporary-tattoo\/#faq-question-1709911537572"},{"@id":"https:\/\/bernardforever.fr\/en\/custom-temporary-tattoo\/#faq-question-1709911864642"},{"@id":"https:\/\/bernardforever.fr\/en\/custom-temporary-tattoo\/#faq-question-1709911870448"},{"@id":"https:\/\/bernardforever.fr\/en\/custom-temporary-tattoo\/#faq-question-1709911882246"},{"@id":"https:\/\/bernardforever.fr\/en\/custom-temporary-tattoo\/#faq-question-1709911892472"},{"@id":"https:\/\/bernardforever.fr\/en\/custom-temporary-tattoo\/#faq-question-1709911901857"}],"inLanguage":"en-US","potentialAction":[{"@type":"ReadAction","target":["https:\/\/bernardforever.fr\/en\/custom-temporary-tattoo\/"]}]},{"@type":"ImageObject","inLanguage":"en-US","@id":"https:\/\/bernardforever.fr\/en\/custom-temporary-tattoo\/#primaryimage","url":"https:\/\/bernardforever.fr\/wp-content\/uploads\/2020\/07\/bf-tatouages-temporaires-personnalises.jpg","contentUrl":"https:\/\/bernardforever.fr\/wp-content\/uploads\/2020\/07\/bf-tatouages-temporaires-personnalises.jpg","width":895,"height":550},{"@type":"BreadcrumbList","@id":"https:\/\/bernardforever.fr\/en\/custom-temporary-tattoo\/#breadcrumb","itemListElement":[{"@type":"ListItem","position":1,"name":"Accueil","item":"https:\/\/bernardforever.fr\/en\/home\/"},{"@type":"ListItem","position":2,"name":"Custom temporary tattoo"}]},{"@type":"WebSite","@id":"https:\/\/bernardforever.fr\/en\/#website","url":"https:\/\/bernardforever.fr\/en\/","name":"Bernard Forever","description":"Tatoueur temporaire de p\u00e8re en fils depuis 2012","publisher":{"@id":"https:\/\/bernardforever.fr\/en\/#organization"},"potentialAction":[{"@type":"SearchAction","target":{"@type":"EntryPoint","urlTemplate":"https:\/\/bernardforever.fr\/en\/?s={search_term_string}"},"query-input":{"@type":"PropertyValueSpecification","valueRequired":true,"valueName":"search_term_string"}}],"inLanguage":"en-US"},{"@type":"Organization","@id":"https:\/\/bernardforever.fr\/en\/#organization","name":"Bernard Forever","url":"https:\/\/bernardforever.fr\/en\/","logo":{"@type":"ImageObject","inLanguage":"en-US","@id":"https:\/\/bernardforever.fr\/en\/#\/schema\/logo\/image\/","url":"https:\/\/bernardforever.fr\/wp-content\/uploads\/2020\/07\/logo-bf.png","contentUrl":"https:\/\/bernardforever.fr\/wp-content\/uploads\/2020\/07\/logo-bf.png","width":120,"height":138,"caption":"Bernard Forever"},"image":{"@id":"https:\/\/bernardforever.fr\/en\/#\/schema\/logo\/image\/"},"sameAs":["https:\/\/facebook.com\/bernardforever","https:\/\/instagram.com\/bernardforever"]},{"@type":"Question","@id":"https:\/\/bernardforever.fr\/en\/custom-temporary-tattoo\/#faq-question-1709911537572","position":1,"url":"https:\/\/bernardforever.fr\/en\/custom-temporary-tattoo\/#faq-question-1709911537572","name":"Comment cr\u00e9er ma planche de tatouages \u00e9ph\u00e9m\u00e8res personnalis\u00e9s ?","answerCount":1,"acceptedAnswer":{"@type":"Answer","text":"Deux solutions s\u2019offrent \u00e0 vous pour cr\u00e9er vos propres tattoos personnalis\u00e9s :\u00a0<br\/>1 - <strong>Vous cr\u00e9ez vous-m\u00eames vos dessins<\/strong> que vous nous transmettez sur un fichier format vectoriel ou photoshop 600 dpi pour une qualit\u00e9 optimale. Ensuite, on s\u2019occupe de tout, tu s\u2019occupes de rien !\u00a0<br\/>2 - <strong>On cr\u00e9e pour vous des tattoos personnalis\u00e9s<\/strong>. Il vous suffit de nous donner un brief : ce que vous aimez, vos inspirations, des id\u00e9es de dessins \u00e0 repr\u00e9senter\u2026 vous nous donnez les grandes lignes directrices et notre graphiste se charge de donner vie \u00e0 votre projet !","inLanguage":"en-US"},"inLanguage":"en-US"},{"@type":"Question","@id":"https:\/\/bernardforever.fr\/en\/custom-temporary-tattoo\/#faq-question-1709911864642","position":2,"url":"https:\/\/bernardforever.fr\/en\/custom-temporary-tattoo\/#faq-question-1709911864642","name":"Comment s\u2019appliquent les tatouages \u00e9ph\u00e9m\u00e8res ?","answerCount":1,"acceptedAnswer":{"@type":"Answer","text":"Sur le m\u00eame principe que les d\u00e9calcomanies que l\u2019on a tous connu dans notre enfance, les tatouages \u00e9ph\u00e9m\u00e8res de Bernard s\u2019appliquent sur la peau avec un peu d\u2019eau. La tenue est estim\u00e9e entre 3 et 7 jours selon l\u2019exposition quotidienne. Pour les retirer, rien de plus simple : un peu d\u2019eau et du savon, ou de la lotion d\u00e9maquillante suffiront en frottant l\u00e9g\u00e8rement sur le tattoo.","inLanguage":"en-US"},"inLanguage":"en-US"},{"@type":"Question","@id":"https:\/\/bernardforever.fr\/en\/custom-temporary-tattoo\/#faq-question-1709911870448","position":3,"url":"https:\/\/bernardforever.fr\/en\/custom-temporary-tattoo\/#faq-question-1709911870448","name":"Quels sont les formats propos\u00e9s ?","answerCount":1,"acceptedAnswer":{"@type":"Answer","text":"Nous pr\u00e9sentons les tatouages sous forme de planches, format A3, A4, A5, A6, A7\u2026 Tout est possible, tout est r\u00e9alisable ! Le plus petit format que nous proposons est une planche de format 5x5cm. La seule condition pour composer la planche : que tous les tattoos puissent rentrer sur la surface de la feuille au recto. Basique, simple !","inLanguage":"en-US"},"inLanguage":"en-US"},{"@type":"Question","@id":"https:\/\/bernardforever.fr\/en\/custom-temporary-tattoo\/#faq-question-1709911882246","position":4,"url":"https:\/\/bernardforever.fr\/en\/custom-temporary-tattoo\/#faq-question-1709911882246","name":"Quels sont les prix ?","answerCount":1,"acceptedAnswer":{"@type":"Answer","text":"Le prix varie en fonction du format de la planche et du nombre d\u2019exemplaires \/ de mod\u00e8les. Vous pouvez mettre plusieurs dessins par planche et utiliser autant de couleurs que vous souhaitez, cela n\u2019a pas d\u2019impact sur le prix. \u00c0 noter que Bernard ne peut produire en dessous de 100 exemplaires. La bonne nouvelle : il n\u2019y a pas de plafond maximum concernant les quantit\u00e9s, alors faites-vous plaisir !","inLanguage":"en-US"},"inLanguage":"en-US"},{"@type":"Question","@id":"https:\/\/bernardforever.fr\/en\/custom-temporary-tattoo\/#faq-question-1709911892472","position":5,"url":"https:\/\/bernardforever.fr\/en\/custom-temporary-tattoo\/#faq-question-1709911892472","name":"Sous combien de temps serai-je livr\u00e9 ?","answerCount":1,"acceptedAnswer":{"@type":"Answer","text":"Bernard s\u2019engage \u00e0 vous livrer votre commande sous 2 \u00e0 3 semaines maximum, cr\u00e9ation incluse si besoin. Le co\u00fbt de la livraison est de 25\u20ac HT.\u00a0","inLanguage":"en-US"},"inLanguage":"en-US"},{"@type":"Question","@id":"https:\/\/bernardforever.fr\/en\/custom-temporary-tattoo\/#faq-question-1709911901857","position":6,"url":"https:\/\/bernardforever.fr\/en\/custom-temporary-tattoo\/#faq-question-1709911901857","name":"De quoi sont compos\u00e9es les planches de tattoos ?","answerCount":1,"acceptedAnswer":{"@type":"Answer","text":"Les tattoos sont cr\u00e9\u00e9s avec une encre \u00e0 base d\u2019huile de soja, sans henn\u00e9. Vous pouvez cr\u00e9er des tattoos en couleur ou noir.\u00a0<br\/>Tous les tatouages \u00e9ph\u00e9m\u00e8res produits par Bernard Forever ont \u00e9t\u00e9 test\u00e9s par un laboratoire ind\u00e9pendant et r\u00e9pondent \u00e0 la norme CE (r\u00e9glementation communautaire europ\u00e9enne qui garantit le contr\u00f4le et la conformit\u00e9 du produit pour une commercialisation sur le march\u00e9).","inLanguage":"en-US"},"inLanguage":"en-US"}]}},"_links":{"self":[{"href":"https:\/\/bernardforever.fr\/en\/wp-json\/wp\/v2\/pages\/25565","targetHints":{"allow":["GET"]}}],"collection":[{"href":"https:\/\/bernardforever.fr\/en\/wp-json\/wp\/v2\/pages"}],"about":[{"href":"https:\/\/bernardforever.fr\/en\/wp-json\/wp\/v2\/types\/page"}],"author":[{"embeddable":true,"href":"https:\/\/bernardforever.fr\/en\/wp-json\/wp\/v2\/users\/1"}],"replies":[{"embeddable":true,"href":"https:\/\/bernardforever.fr\/en\/wp-json\/wp\/v2\/comments?post=25565"}],"version-history":[{"count":3,"href":"https:\/\/bernardforever.fr\/en\/wp-json\/wp\/v2\/pages\/25565\/revisions"}],"predecessor-version":[{"id":26088,"href":"https:\/\/bernardforever.fr\/en\/wp-json\/wp\/v2\/pages\/25565\/revisions\/26088"}],"wp:featuredmedia":[{"embeddable":true,"href":"https:\/\/bernardforever.fr\/en\/wp-json\/wp\/v2\/media\/24376"}],"wp:attachment":[{"href":"https:\/\/bernardforever.fr\/en\/wp-json\/wp\/v2\/media?parent=25565"}],"curies":[{"name":"wp","href":"https:\/\/api.w.org\/{rel}","templated":true}]}}