{"id":25569,"date":"2020-08-20T17:12:43","date_gmt":"2020-08-20T15:12:43","guid":{"rendered":"https:\/\/bernardforever.fr\/contact-us\/"},"modified":"2024-09-23T11:03:57","modified_gmt":"2024-09-23T09:03:57","slug":"contact-us","status":"publish","type":"page","link":"https:\/\/bernardforever.fr\/en\/contact-us\/","title":{"rendered":"Contact us"},"content":{"rendered":"\n<div class=\"wpcf7 no-js\" id=\"wpcf7-f7713-o1\" lang=\"fr-FR\" dir=\"ltr\" data-wpcf7-id=\"7713\">\n<div class=\"screen-reader-response\"><p role=\"status\" aria-live=\"polite\" aria-atomic=\"true\"><\/p> <ul><\/ul><\/div>\n<form action=\"\/en\/wp-json\/wp\/v2\/pages\/25569#wpcf7-f7713-o1\" method=\"post\" class=\"wpcf7-form init\" aria-label=\"Formulaire de contact\" novalidate=\"novalidate\" data-status=\"init\">\n<fieldset class=\"hidden-fields-container\"><input type=\"hidden\" name=\"_wpcf7\" value=\"7713\" \/><input type=\"hidden\" name=\"_wpcf7_version\" value=\"6.1\" \/><input type=\"hidden\" name=\"_wpcf7_locale\" value=\"fr_FR\" \/><input type=\"hidden\" name=\"_wpcf7_unit_tag\" value=\"wpcf7-f7713-o1\" \/><input type=\"hidden\" name=\"_wpcf7_container_post\" value=\"0\" \/><input type=\"hidden\" name=\"_wpcf7_posted_data_hash\" value=\"\" \/><input type=\"hidden\" name=\"_wpcf7_recaptcha_response\" value=\"\" \/>\n<\/fieldset>\n<div class=\"form-group\">\n\t<p><label for=\"your-name\">D\u00e9cline ton identit\u00e9<span class=\"req\">*<\/span><\/label><br \/>\n<span class=\"wpcf7-form-control-wrap\" data-name=\"your-name\"><input size=\"40\" maxlength=\"400\" class=\"wpcf7-form-control wpcf7-text wpcf7-validates-as-required\" aria-required=\"true\" aria-invalid=\"false\" placeholder=\"Saisis ton nom et pr\u00e9nom\" value=\"\" type=\"text\" name=\"your-name\" \/><\/span>\n\t<\/p>\n<\/div>\n<div class=\"form-group\">\n\t<p><label for=\"your-email\">Ton adresse mail (qu'on garde rien que pour nous)<span class=\"req\">*<\/span><\/label><br \/>\n<span class=\"wpcf7-form-control-wrap\" data-name=\"your-email\"><input size=\"40\" maxlength=\"400\" class=\"wpcf7-form-control wpcf7-email wpcf7-validates-as-required wpcf7-text wpcf7-validates-as-email\" aria-required=\"true\" aria-invalid=\"false\" placeholder=\"Saisis ton adresse mail\" value=\"\" type=\"email\" name=\"your-email\" \/><\/span>\n\t<\/p>\n<\/div>\n<div class=\"form-group\">\n\t<p><label for=\"your-phone\">Ton t\u00e9l\u00e9phone<\/label><br \/>\n<span class=\"wpcf7-form-control-wrap\" data-name=\"your-phone\"><input size=\"40\" maxlength=\"400\" class=\"wpcf7-form-control wpcf7-tel wpcf7-text wpcf7-validates-as-tel\" aria-invalid=\"false\" placeholder=\"Saisis ton t\u00e9l\u00e9phone\" value=\"\" type=\"tel\" name=\"your-phone\" \/><\/span>\n\t<\/p>\n<\/div>\n<div class=\"form-group\">\n\t<p><label>La raison de ton message<\/label><br \/>\n<span class=\"wpcf7-form-control-wrap\" data-name=\"your-subject\"><select class=\"wpcf7-form-control wpcf7-select custom-select\" aria-invalid=\"false\" name=\"your-subject\"><option value=\"Figure-toi que j&#039;ai un probl\u00e8me\">Figure-toi que j&#039;ai un probl\u00e8me<\/option><option value=\"Personnalisation\">Personnalisation<\/option><option value=\"Collaboration\">Collaboration<\/option><option value=\"\u00c9v\u00e8nementiel\">\u00c9v\u00e8nementiel<\/option><option value=\"Devenir revendeur\">Devenir revendeur<\/option><\/select><\/span>\n\t<\/p>\n<\/div>\n<div class=\"form-group\">\n\t<p><label for=\"your-message\">Ton joli message<\/label><br \/>\n<span class=\"wpcf7-form-control-wrap\" data-name=\"your-message\"><textarea cols=\"40\" rows=\"5\" maxlength=\"2000\" class=\"wpcf7-form-control wpcf7-textarea\" aria-invalid=\"false\" placeholder=\"Dis-nous tout !\" name=\"your-message\"><\/textarea><\/span>\n\t<\/p>\n<\/div>\n<div class=\"form-group\">\n\t<p><span id=\"wpcf7-69d557f501d2c-wrapper\" class=\"wpcf7-form-control-wrap your-website-wrap\" style=\"display:none !important; visibility:hidden !important;\"><label for=\"wpcf7-69d557f501d2c-field\" class=\"hp-message\">Veuillez laisser ce champ vide.<\/label><input id=\"wpcf7-69d557f501d2c-field\"  class=\"wpcf7-form-control wpcf7-text\" type=\"text\" name=\"your-website\" value=\"\" size=\"40\" tabindex=\"-1\" autocomplete=\"new-password\" \/><\/span>\n\t<\/p>\n<\/div>\n<div class=\"form-group\">\n<span class=\"wpcf7-form-control-wrap recaptcha\" data-name=\"recaptcha\"><span data-sitekey=\"6LdtRMEZAAAAAFt6dA381feqf6lhDz9puK9xTOu4\" class=\"wpcf7-form-control wpcf7-recaptcha g-recaptcha\"><\/span>\r\n<noscript>\r\n\t<div class=\"grecaptcha-noscript\">\r\n\t\t<iframe src=\"https:\/\/www.google.com\/recaptcha\/api\/fallback?k=6LdtRMEZAAAAAFt6dA381feqf6lhDz9puK9xTOu4\" frameborder=\"0\" scrolling=\"no\" width=\"310\" height=\"430\">\r\n\t\t<\/iframe>\r\n\t\t<textarea name=\"g-recaptcha-response\" rows=\"3\" cols=\"40\" placeholder=\"reCaptcha Response Here\">\r\n\t\t<\/textarea>\r\n\t<\/div>\r\n<\/noscript>\r\n<\/span>\n<\/div>\n<p>Bernard a besoin de certaines de tes donn\u00e9es personnelles (marqu\u00e9es d'un *) pour te donner une r\u00e9ponse rapide, personnalis\u00e9e et d\u00e9taill\u00e9e. N'aie aucune crainte, tes donn\u00e9es ne seront ni recueillies ni stock\u00e9es pour une utilisation commerciale ou analytique.\n<\/p>\n<p><button class=\"btn btn--red\" type=\"submit\">Envoyer<\/button>\n<\/p><p style=\"display: none !important;\" class=\"akismet-fields-container\" data-prefix=\"_wpcf7_ak_\"><label>&#916;<textarea name=\"_wpcf7_ak_hp_textarea\" cols=\"45\" rows=\"8\" maxlength=\"100\"><\/textarea><\/label><input type=\"hidden\" id=\"ak_js_1\" name=\"_wpcf7_ak_js\" value=\"128\"\/><script>document.getElementById( \"ak_js_1\" ).setAttribute( \"value\", ( new Date() ).getTime() );<\/script><\/p><div class=\"wpcf7-response-output\" aria-hidden=\"true\"><\/div>\n<\/form>\n<\/div>\n\n","protected":false},"excerpt":{"rendered":"","protected":false},"author":1,"featured_media":0,"parent":0,"menu_order":0,"comment_status":"closed","ping_status":"closed","template":"page-templates\/page-contact.php","meta":{"_acf_changed":false,"inline_featured_image":false,"footnotes":""},"class_list":["post-25569","page","type-page","status-publish","hentry"],"acf":[],"yoast_head":"<!-- This site is optimized with the Yoast SEO plugin v25.4 - https:\/\/yoast.com\/wordpress\/plugins\/seo\/ -->\n<title>Contact us &#8212; Bernard Forever<\/title>\n<meta name=\"robots\" content=\"noindex, nofollow\" \/>\n<meta property=\"og:locale\" content=\"en_US\" \/>\n<meta property=\"og:type\" content=\"article\" \/>\n<meta property=\"og:title\" content=\"Contact us &#8212; Bernard Forever\" \/>\n<meta property=\"og:url\" content=\"https:\/\/bernardforever.fr\/en\/contact-us\/\" \/>\n<meta property=\"og:site_name\" content=\"Bernard Forever\" \/>\n<meta property=\"article:publisher\" content=\"https:\/\/facebook.com\/bernardforever\" \/>\n<meta property=\"article:modified_time\" content=\"2024-09-23T09:03:57+00:00\" \/>\n<meta property=\"og:image\" content=\"https:\/\/bernardforever.fr\/wp-content\/uploads\/2021\/10\/bf-social.jpg\" \/>\n\t<meta property=\"og:image:width\" content=\"1200\" \/>\n\t<meta property=\"og:image:height\" content=\"628\" \/>\n\t<meta property=\"og:image:type\" content=\"image\/jpeg\" \/>\n<meta name=\"twitter:card\" content=\"summary_large_image\" \/>\n<!-- \/ Yoast SEO plugin. -->","yoast_head_json":{"title":"Contact us &#8212; Bernard Forever","robots":{"index":"noindex","follow":"nofollow"},"og_locale":"en_US","og_type":"article","og_title":"Contact us &#8212; Bernard Forever","og_url":"https:\/\/bernardforever.fr\/en\/contact-us\/","og_site_name":"Bernard Forever","article_publisher":"https:\/\/facebook.com\/bernardforever","article_modified_time":"2024-09-23T09:03:57+00:00","og_image":[{"width":1200,"height":628,"url":"https:\/\/bernardforever.fr\/wp-content\/uploads\/2021\/10\/bf-social.jpg","type":"image\/jpeg"}],"twitter_card":"summary_large_image","schema":{"@context":"https:\/\/schema.org","@graph":[{"@type":"WebPage","@id":"https:\/\/bernardforever.fr\/en\/contact-us\/","url":"https:\/\/bernardforever.fr\/en\/contact-us\/","name":"Contact us &#8212; Bernard Forever","isPartOf":{"@id":"https:\/\/bernardforever.fr\/en\/#website"},"datePublished":"2020-08-20T15:12:43+00:00","dateModified":"2024-09-23T09:03:57+00:00","breadcrumb":{"@id":"https:\/\/bernardforever.fr\/en\/contact-us\/#breadcrumb"},"inLanguage":"en-US","potentialAction":[{"@type":"ReadAction","target":["https:\/\/bernardforever.fr\/en\/contact-us\/"]}]},{"@type":"BreadcrumbList","@id":"https:\/\/bernardforever.fr\/en\/contact-us\/#breadcrumb","itemListElement":[{"@type":"ListItem","position":1,"name":"Accueil","item":"https:\/\/bernardforever.fr\/en\/home\/"},{"@type":"ListItem","position":2,"name":"Contact us"}]},{"@type":"WebSite","@id":"https:\/\/bernardforever.fr\/en\/#website","url":"https:\/\/bernardforever.fr\/en\/","name":"Bernard Forever","description":"Tatoueur temporaire de p\u00e8re en fils depuis 2012","publisher":{"@id":"https:\/\/bernardforever.fr\/en\/#organization"},"potentialAction":[{"@type":"SearchAction","target":{"@type":"EntryPoint","urlTemplate":"https:\/\/bernardforever.fr\/en\/?s={search_term_string}"},"query-input":{"@type":"PropertyValueSpecification","valueRequired":true,"valueName":"search_term_string"}}],"inLanguage":"en-US"},{"@type":"Organization","@id":"https:\/\/bernardforever.fr\/en\/#organization","name":"Bernard Forever","url":"https:\/\/bernardforever.fr\/en\/","logo":{"@type":"ImageObject","inLanguage":"en-US","@id":"https:\/\/bernardforever.fr\/en\/#\/schema\/logo\/image\/","url":"https:\/\/bernardforever.fr\/wp-content\/uploads\/2020\/07\/logo-bf.png","contentUrl":"https:\/\/bernardforever.fr\/wp-content\/uploads\/2020\/07\/logo-bf.png","width":120,"height":138,"caption":"Bernard Forever"},"image":{"@id":"https:\/\/bernardforever.fr\/en\/#\/schema\/logo\/image\/"},"sameAs":["https:\/\/facebook.com\/bernardforever","https:\/\/instagram.com\/bernardforever"]}]}},"_links":{"self":[{"href":"https:\/\/bernardforever.fr\/en\/wp-json\/wp\/v2\/pages\/25569","targetHints":{"allow":["GET"]}}],"collection":[{"href":"https:\/\/bernardforever.fr\/en\/wp-json\/wp\/v2\/pages"}],"about":[{"href":"https:\/\/bernardforever.fr\/en\/wp-json\/wp\/v2\/types\/page"}],"author":[{"embeddable":true,"href":"https:\/\/bernardforever.fr\/en\/wp-json\/wp\/v2\/users\/1"}],"replies":[{"embeddable":true,"href":"https:\/\/bernardforever.fr\/en\/wp-json\/wp\/v2\/comments?post=25569"}],"version-history":[{"count":1,"href":"https:\/\/bernardforever.fr\/en\/wp-json\/wp\/v2\/pages\/25569\/revisions"}],"predecessor-version":[{"id":25570,"href":"https:\/\/bernardforever.fr\/en\/wp-json\/wp\/v2\/pages\/25569\/revisions\/25570"}],"wp:attachment":[{"href":"https:\/\/bernardforever.fr\/en\/wp-json\/wp\/v2\/media?parent=25569"}],"curies":[{"name":"wp","href":"https:\/\/api.w.org\/{rel}","templated":true}]}}