{"id":25620,"date":"2020-06-02T15:21:47","date_gmt":"2020-06-02T13:21:47","guid":{"rendered":"https:\/\/bernardforever.fr\/terms-and-conditions-of-sale\/"},"modified":"2024-10-02T16:35:42","modified_gmt":"2024-10-02T14:35:42","slug":"terms-and-conditions-of-sale","status":"publish","type":"page","link":"https:\/\/bernardforever.fr\/en\/terms-and-conditions-of-sale\/","title":{"rendered":"Terms and conditions of sale"},"content":{"rendered":"\n<p>OK Commerce<br\/>Soci\u00e9t\u00e9 SARL au capital de 3000 euros<br\/>Si\u00e8ge social : 79 rue du grand chemin 59100 Roubaix<br\/>N\u00b0 de t\u00e9l\u00e9phone : 03 66 72 21 26<br\/>Adresse du courrier \u00e9lectronique : <a href=\"mailto:bonjour@ok-commerce.fr\">bonjour@ok-commerce.fr<\/a><br\/>RCS (ou R\u00e9pertoire des m\u00e9tiers) de Roubaix-Tourcoing : N\u00b0 538217019<br\/>TVA Intra-communautaire : N\u00b0 FR30538217019<br\/>The person responsible for the publication is Julien-Antoine Boyaval.<br\/>These GTC have been generated free of charge by the Kinic communications company.<\/p>\n\n<p>Last updated 07\/28\/2020.<\/p>\n<h2 class=\"wp-block-heading\" id=\"article-1-purpose\">Article 1 &#8211; Purpose<\/h2>\n<p>These conditions govern the sale of temporary tattoos by OK Commerce, located at 79 rue du grand chemin &#8211; 59100 Roubaix.<\/p>\n<h2 class=\"wp-block-heading\" id=\"article-2-prices\">Article 2 &#8211; Prices<\/h2>\n<p>The prices of our products are indicated in euros, inclusive of all taxes (VAT and other taxes applicable on the day of the order), unless otherwise indicated and exclusive of processing and shipping costs.<\/p>\n\n<p>In the event of an order to a country other than metropolitan France, you are the importer of the product(s) concerned.\nCustoms duties or other local taxes or import duties or state taxes may be payable.\nThese rights and sums are not the responsibility of <strong>OK Commerce<\/strong>.\nThey will be at your expense and are your sole responsibility, both in terms of declarations and payments to the competent authorities and organizations in your country.\nWe advise you to contact your local authorities for further information.    <\/p>\n\n<p>All orders, whatever their origin, are payable in euros.<\/p>\n\n<p>The company <strong>OK Commerce<\/strong> reserves the right to change prices at any time, but the product will be charged on the basis of the rate in effect at the time of validation of the order and subject to availability.<\/p>\n\n<p>The products remain the property of the company <strong>OK Commerce<\/strong> until full payment of the price.<\/p>\n\n<p>Please note: as soon as you take physical possession of the products ordered, the risk of loss or damage to the products passes to you.<\/p>\n<h2 class=\"wp-block-heading\" id=\"article-3-orders\">Article 3 &#8211; Orders<\/h2>\n<p><strong>You can place your order here:<\/strong><\/p>\n\n<p>On the Internet: https: <a href=\"https:\/\/bernardforever.fr\/en\/\">\/\/bernardforever.fr<\/a><\/p>\n\n<p>Contractual information is presented in French and will be confirmed at the latest when your order is validated.<\/p>\n\n<p>The company <strong>OK Commerce<\/strong> reserves the right not to register a payment, and not to confirm an order for any reason whatsoever, especially in case of supply problems, or in case of difficulty concerning the order received.<\/p>\n<h2 class=\"wp-block-heading\" id=\"article-4-validation-of-your-order\">Article 4 &#8211; Validation of your order<\/h2>\n<p>Any order placed on the <a href=\"https:\/\/bernardforever.fr\/en\/\">https:\/\/bernardforever.fr<\/a> website implies acceptance of these General Terms and Conditions.\nAny confirmation of an order implies full acceptance of these terms and conditions of sale, without exception or reservation. <\/p>\n\n<p>All the data provided and the recorded confirmation will constitute proof of the transaction.<\/p>\n\n<p>You declare that you are fully aware of this.<\/p>\n\n<p>Confirmation of the order will constitute signature and acceptance of the operations carried out.<\/p>\n\n<p>A summary of your order information and these General Terms and Conditions will be sent to you in PDF format via your order confirmation e-mail address.<\/p>\n<h2 class=\"wp-block-heading\" id=\"article-5-payment\">Article 5 &#8211; Payment<\/h2>\n<p>The fact of validating your order implies for you the obligation to pay the indicated price.<\/p>\n\n<p>Payment for your purchases is made by credit card using the secure PayPlug system.<\/p>\n\n<p>The card is debited only when the order is shipped.\nIn the case of split deliveries, only the products shipped are debited. <\/p>\n<h2 class=\"wp-block-heading\" id=\"article-6-withdrawal\">Article 6 &#8211; Withdrawal<\/h2>\n<p>In accordance with the provisions of article L.121-21 of the French Consumer Code, you have a cooling-off period of 14 days from receipt of your products to exercise your right of withdrawal without having to justify your decision or pay any penalty.<\/p>\n\n<p>Returns must be in their original condition and complete (packaging, accessories, instructions).\nIn this case, you are liable.\nAny damage suffered by the product on this occasion may defeat the right of withdrawal.  <\/p>\n\n<p>You are responsible for return shipping costs.<\/p>\n\n<p>In case of exercising the right of withdrawal, the company <strong>OK Commerce<\/strong> will refund the sums paid, within 14 days of notification of your request and via the same means of payment used when ordering.<\/p>\n\n<p><strong>EXCEPTIONS TO THE RIGHT OF WITHDRAWAL<\/strong><\/p>\n\n<p>In accordance with the provisions of article L.121-21-8 of the French Consumer Code, the right of withdrawal does not apply to :<\/p>\n\n<p>The supply of services fully executed before the end of the withdrawal period and whose execution has begun after prior express agreement by the consumer and express renunciation of his right of withdrawal.<br\/>The supply of goods or services whose price depends on fluctuations in the financial market beyond the control of the professional and likely to occur during the withdrawal period.<br\/>The supply of goods made to the consumer&#8217;s specifications or clearly personalized.<br\/>The supply of goods likely to deteriorate or expire rapidly.<br\/>The supply of goods which have been unsealed by the consumer after delivery and which cannot be returned for reasons of hygiene or health protection.<br\/>The supply of goods which, after delivery and by their nature, are indissociably mixed with other articles;<br\/>The supply of alcoholic beverages whose delivery is deferred beyond thirty days and whose value agreed at the conclusion of the contract depends on fluctuations in the market beyond the control of the professional.<br\/>The supply of audio or video recordings or computer software when they have been unsealed by the consumer after delivery.<br\/>The supply of a newspaper, periodical or magazine, except for subscription contracts for these publications.<br\/>Transactions concluded at a public auction.<br\/>The supply of digital content not provided on a tangible medium, the performance of which has begun after the consumer&#8217;s express prior agreement and express waiver of his right of withdrawal.<\/p>\n<h2 class=\"wp-block-heading\" id=\"article-7-availability\">Article 7- Availability<\/h2>\n<p>Our products are offered as long as they are visible on the <a href=\"https:\/\/bernardforever.fr\/en\/\">https:\/\/bernardforever.fr<\/a> website and within the limits of available stocks.\nFor products not in stock, our offers are subject to availability from our suppliers.<br\/>If a product is unavailable after you have placed your order, we will inform you by e-mail.\nYour order will be automatically cancelled and no bank debit will be made.  <\/p>\n\n<p>Furthermore, the <a href=\"https:\/\/bernardforever.fr\/en\/\">https:\/\/bernardforever.fr<\/a> website is not intended to sell its products in large quantities.\n <strong>OK<\/strong> Commerce therefore reserves the right to refuse orders for identical items. <\/p>\n<h2 class=\"wp-block-heading\" id=\"article-8-delivery\">Article 8 &#8211; Delivery<\/h2>\n<p>Products are delivered to the delivery address indicated during the order process, within the time indicated on the order confirmation page.<\/p>\n\n<p>In the event of a delay in shipment, an e-mail will be sent to you to inform you of any consequences for the delivery time indicated.<\/p>\n\n<p>In accordance with legal provisions, in the event of late delivery, you have the right to cancel the order in accordance with the terms and conditions set out in article L 138-2 of the French Consumer Code.\nIf, in the meantime, you receive the product, we will reimburse you for it and the delivery costs in accordance with article L 138-3 of the French Consumer Code. <\/p>\n\n<p>In the case of deliveries by a carrier, <strong>OK Commerce<\/strong> cannot be held responsible for late delivery due exclusively to the customer&#8217;s unavailability after several proposed appointments.<\/p>\n<h2 class=\"wp-block-heading\" id=\"article-9-warranty\">Article 9 &#8211; Warranty<\/h2>\n<p>All our products are covered by the legal guarantee of conformity and the guarantee against hidden defects, as stipulated in articles 1641 et seq. of the French Civil Code.\nIn the event of non-conformity of a product sold, it may be returned, exchanged or reimbursed. <\/p>\n\n<p>All claims, requests for exchange or refund must be made by <a href=\"mailto:bonjour@bernardforever.fr\">e-mail<\/a> within 30 days of delivery.<\/p>\n\n<p>Products must be returned to us in the condition in which you received them, with all components (accessories, packaging, instructions, etc.).\nShipping costs will be reimbursed on the basis of the invoiced rate, and return shipping costs will be reimbursed upon presentation of receipts. <\/p>\n\n<p>The provisions of this Article do not prevent you from benefiting from the right of withdrawal provided for in Article 6.<\/p>\n<h2 class=\"wp-block-heading\" id=\"article-10-liability\">Article 10 &#8211; Liability<\/h2>\n<p>The products offered comply with current French legislation.\nThe responsibility of the company <strong>OK Commerce<\/strong> can not be held liable for non-compliance with the laws of the country where the product is delivered.\nIt is your responsibility to check with local authorities about the possibility of importing or using the products or services you intend to order.  <\/p>\n\n<p>Furthermore, <strong>OK<\/strong> Commerce cannot be held responsible for any damage resulting from improper use of the product purchased.<\/p>\n\n<p>Finally, <strong>OK<\/strong> Commerce cannot be held liable for any inconvenience or damage inherent in the use of the Internet, in particular a break in service, external intrusion or the presence of computer viruses.<\/p>\n<h2 class=\"wp-block-heading\" id=\"article-11-applicable-law-in-the-event-of-disputes\">Article 11 &#8211; Applicable law in the event of disputes<\/h2>\n<p>The language of this contract is French.\nThe present conditions of sale are subject to French law.\nIn the event of a dispute, the French courts shall have exclusive jurisdiction.  <\/p>\n<h2 class=\"wp-block-heading\" id=\"article-12-intellectual-property\">Article 12 &#8211; Intellectual property<\/h2>\n<p>All elements of the <a href=\"https:\/\/bernardforever.fr\/en\/\">https:\/\/bernardforever.fr<\/a> website are and remain the exclusive intellectual property of <strong>OK Commerce<\/strong>.\nNo one is authorized to reproduce, exploit, rebroadcast, or use for any purpose whatsoever, even partially, elements of the site whether software, visual or audio.\nAny simple link or hypertext link is strictly forbidden without the express written consent of <strong>OK Commerce<\/strong>.  <\/p>\n<h2 class=\"wp-block-heading\" id=\"article-13-personal-data\">Article 13 &#8211; Personal data<\/h2>\n<p><strong>OK Commerce<\/strong> reserves the right to collect nominative information and personal data about you.\nThis information is required to process your order and to improve the services and information we send you. <\/p>\n\n<p>It may also be transmitted to companies that contribute to this relationship, such as those in charge of executing services and orders for their management, execution, processing and payment.<\/p>\n\n<p>This information and data is also stored for security purposes, in order to comply with legal and regulatory obligations.<\/p>\n\n<p>In accordance with the French Data Protection Act of January 6, 1978, you have the right to access, rectify and object to personal information and data concerning you, directly on the website.<\/p>\n<h2 class=\"wp-block-heading\" id=\"article-14-archiving-evidence\">Article 14 &#8211; Archiving Evidence<\/h2>\n<p>The company <strong>OK Commerce<\/strong> archive purchase orders and invoices on a reliable and durable as a true copy in accordance with the provisions of Article 1348 of the Civil Code.<\/p>\n\n<p>The computerized records of the company <strong>OK Commerce<\/strong> will be considered by all parties involved as proof of communications, orders, payments and transactions between the parties.<\/p>\n","protected":false},"excerpt":{"rendered":"<p>OK CommerceSoci\u00e9t\u00e9 SARL au capital de 3000 eurosSi\u00e8ge social : 79 rue du grand chemin 59100 RoubaixN\u00b0 de t\u00e9l\u00e9phone : 03 66 72 21 26Adresse du courrier \u00e9lectronique : bonjour@ok-commerce.frRCS (ou R\u00e9pertoire des m\u00e9tiers) de Roubaix-Tourcoing : N\u00b0 538217019TVA Intra-communautaire : N\u00b0 FR30538217019The person responsible for the publication is Julien-Antoine Boyaval.These GTC have been generated [&hellip;]<\/p>\n","protected":false},"author":1,"featured_media":0,"parent":0,"menu_order":0,"comment_status":"closed","ping_status":"closed","template":"","meta":{"_acf_changed":false,"inline_featured_image":false,"footnotes":""},"class_list":["post-25620","page","type-page","status-publish","hentry"],"acf":[],"yoast_head":"<!-- This site is optimized with the Yoast SEO plugin v25.4 - https:\/\/yoast.com\/wordpress\/plugins\/seo\/ -->\n<title>Terms and conditions of sale &#8212; Bernard Forever<\/title>\n<meta name=\"robots\" content=\"noindex, nofollow\" \/>\n<meta property=\"og:locale\" content=\"en_US\" \/>\n<meta property=\"og:type\" content=\"article\" \/>\n<meta property=\"og:title\" content=\"Terms and conditions of sale &#8212; Bernard Forever\" \/>\n<meta property=\"og:description\" content=\"OK CommerceSoci\u00e9t\u00e9 SARL au capital de 3000 eurosSi\u00e8ge social : 79 rue du grand chemin 59100 RoubaixN\u00b0 de t\u00e9l\u00e9phone : 03 66 72 21 26Adresse du courrier \u00e9lectronique : bonjour@ok-commerce.frRCS (ou R\u00e9pertoire des m\u00e9tiers) de Roubaix-Tourcoing : N\u00b0 538217019TVA Intra-communautaire : N\u00b0 FR30538217019The person responsible for the publication is Julien-Antoine Boyaval.These GTC have been generated [&hellip;]\" \/>\n<meta property=\"og:url\" content=\"https:\/\/bernardforever.fr\/en\/terms-and-conditions-of-sale\/\" \/>\n<meta property=\"og:site_name\" content=\"Bernard Forever\" \/>\n<meta property=\"article:publisher\" content=\"https:\/\/facebook.com\/bernardforever\" \/>\n<meta property=\"article:modified_time\" content=\"2024-10-02T14:35:42+00:00\" \/>\n<meta property=\"og:image\" content=\"https:\/\/bernardforever.fr\/wp-content\/uploads\/2021\/10\/bf-social.jpg\" \/>\n\t<meta property=\"og:image:width\" content=\"1200\" \/>\n\t<meta property=\"og:image:height\" content=\"628\" \/>\n\t<meta property=\"og:image:type\" content=\"image\/jpeg\" \/>\n<meta name=\"twitter:card\" content=\"summary_large_image\" \/>\n<meta name=\"twitter:label1\" content=\"Est. reading time\" \/>\n\t<meta name=\"twitter:data1\" content=\"8 minutes\" \/>\n<!-- \/ Yoast SEO plugin. -->","yoast_head_json":{"title":"Terms and conditions of sale &#8212; Bernard Forever","robots":{"index":"noindex","follow":"nofollow"},"og_locale":"en_US","og_type":"article","og_title":"Terms and conditions of sale &#8212; Bernard Forever","og_description":"OK CommerceSoci\u00e9t\u00e9 SARL au capital de 3000 eurosSi\u00e8ge social : 79 rue du grand chemin 59100 RoubaixN\u00b0 de t\u00e9l\u00e9phone : 03 66 72 21 26Adresse du courrier \u00e9lectronique : bonjour@ok-commerce.frRCS (ou R\u00e9pertoire des m\u00e9tiers) de Roubaix-Tourcoing : N\u00b0 538217019TVA Intra-communautaire : N\u00b0 FR30538217019The person responsible for the publication is Julien-Antoine Boyaval.These GTC have been generated [&hellip;]","og_url":"https:\/\/bernardforever.fr\/en\/terms-and-conditions-of-sale\/","og_site_name":"Bernard Forever","article_publisher":"https:\/\/facebook.com\/bernardforever","article_modified_time":"2024-10-02T14:35:42+00:00","og_image":[{"width":1200,"height":628,"url":"https:\/\/bernardforever.fr\/wp-content\/uploads\/2021\/10\/bf-social.jpg","type":"image\/jpeg"}],"twitter_card":"summary_large_image","twitter_misc":{"Est. reading time":"8 minutes"},"schema":{"@context":"https:\/\/schema.org","@graph":[{"@type":"WebPage","@id":"https:\/\/bernardforever.fr\/en\/terms-and-conditions-of-sale\/","url":"https:\/\/bernardforever.fr\/en\/terms-and-conditions-of-sale\/","name":"Terms and conditions of sale &#8212; Bernard Forever","isPartOf":{"@id":"https:\/\/bernardforever.fr\/en\/#website"},"datePublished":"2020-06-02T13:21:47+00:00","dateModified":"2024-10-02T14:35:42+00:00","breadcrumb":{"@id":"https:\/\/bernardforever.fr\/en\/terms-and-conditions-of-sale\/#breadcrumb"},"inLanguage":"en-US","potentialAction":[{"@type":"ReadAction","target":["https:\/\/bernardforever.fr\/en\/terms-and-conditions-of-sale\/"]}]},{"@type":"BreadcrumbList","@id":"https:\/\/bernardforever.fr\/en\/terms-and-conditions-of-sale\/#breadcrumb","itemListElement":[{"@type":"ListItem","position":1,"name":"Accueil","item":"https:\/\/bernardforever.fr\/en\/home\/"},{"@type":"ListItem","position":2,"name":"Terms and conditions of sale"}]},{"@type":"WebSite","@id":"https:\/\/bernardforever.fr\/en\/#website","url":"https:\/\/bernardforever.fr\/en\/","name":"Bernard Forever","description":"Tatoueur temporaire de p\u00e8re en fils depuis 2012","publisher":{"@id":"https:\/\/bernardforever.fr\/en\/#organization"},"potentialAction":[{"@type":"SearchAction","target":{"@type":"EntryPoint","urlTemplate":"https:\/\/bernardforever.fr\/en\/?s={search_term_string}"},"query-input":{"@type":"PropertyValueSpecification","valueRequired":true,"valueName":"search_term_string"}}],"inLanguage":"en-US"},{"@type":"Organization","@id":"https:\/\/bernardforever.fr\/en\/#organization","name":"Bernard Forever","url":"https:\/\/bernardforever.fr\/en\/","logo":{"@type":"ImageObject","inLanguage":"en-US","@id":"https:\/\/bernardforever.fr\/en\/#\/schema\/logo\/image\/","url":"https:\/\/bernardforever.fr\/wp-content\/uploads\/2020\/07\/logo-bf.png","contentUrl":"https:\/\/bernardforever.fr\/wp-content\/uploads\/2020\/07\/logo-bf.png","width":120,"height":138,"caption":"Bernard Forever"},"image":{"@id":"https:\/\/bernardforever.fr\/en\/#\/schema\/logo\/image\/"},"sameAs":["https:\/\/facebook.com\/bernardforever","https:\/\/instagram.com\/bernardforever"]}]}},"_links":{"self":[{"href":"https:\/\/bernardforever.fr\/en\/wp-json\/wp\/v2\/pages\/25620","targetHints":{"allow":["GET"]}}],"collection":[{"href":"https:\/\/bernardforever.fr\/en\/wp-json\/wp\/v2\/pages"}],"about":[{"href":"https:\/\/bernardforever.fr\/en\/wp-json\/wp\/v2\/types\/page"}],"author":[{"embeddable":true,"href":"https:\/\/bernardforever.fr\/en\/wp-json\/wp\/v2\/users\/1"}],"replies":[{"embeddable":true,"href":"https:\/\/bernardforever.fr\/en\/wp-json\/wp\/v2\/comments?post=25620"}],"version-history":[{"count":3,"href":"https:\/\/bernardforever.fr\/en\/wp-json\/wp\/v2\/pages\/25620\/revisions"}],"predecessor-version":[{"id":26093,"href":"https:\/\/bernardforever.fr\/en\/wp-json\/wp\/v2\/pages\/25620\/revisions\/26093"}],"wp:attachment":[{"href":"https:\/\/bernardforever.fr\/en\/wp-json\/wp\/v2\/media?parent=25620"}],"curies":[{"name":"wp","href":"https:\/\/api.w.org\/{rel}","templated":true}]}}