{"id":26936,"date":"2025-03-27T17:21:42","date_gmt":"2025-03-27T16:21:42","guid":{"rendered":"https:\/\/bernardforever.fr\/produit\/original-gangster\/"},"modified":"2025-08-19T10:30:54","modified_gmt":"2025-08-19T08:30:54","slug":"original-gangster","status":"publish","type":"product","link":"https:\/\/bernardforever.fr\/en\/product\/original-gangster\/","title":{"rendered":"Original Gangster"},"content":{"rendered":"<p>Once there was Klein blue, now there&#8217;s <a href=\"https:\/\/www.instagram.com\/renelamouise\">Ren\u00e9 La Mouise<\/a> blue!<\/p>\n<p>The artist navigates between several genres to reveal unique and timeless subjects through this board made up of 7 ephemeral tattoos.<\/p>\n<div class=\"c-scrollbar__hider\" role=\"presentation\" data-qa=\"slack_kit_scrollbar\">\n<div class=\"c-scrollbar__child\" role=\"presentation\">\n<div class=\"c-virtual_list__scroll_container\" role=\"list\" data-qa=\"slack_kit_list\" aria-label=\"Sylvain (message direct, absent)\">\n<div id=\"message-list_1743092771.515739\" class=\"c-virtual_list__item\" tabindex=\"0\" role=\"listitem\" aria-setsize=\"-1\" data-qa=\"virtual-list-item\" data-item-key=\"1743092771.515739\">\n<div class=\"c-message_kit__background c-message_kit__background--hovered p-message_pane_message__message c-message_kit__message p-message_pane_message__message--last\" role=\"presentation\" data-qa=\"message_container\" data-qa-unprocessed=\"false\" data-qa-placeholder=\"false\">\n<div class=\"c-message_kit__hover c-message_kit__hover--hovered\" role=\"document\" aria-roledescription=\"message\" data-qa-hover=\"true\">\n<div class=\"c-message_kit__actions c-message_kit__actions--default\">\n<div class=\"c-message_actions__container c-message__actions\" role=\"group\">\n<div class=\"c-message_actions__group\" role=\"group\" aria-label=\"Actions sur les messages\" data-qa=\"message-actions\"><\/div>\n<\/div>\n<\/div>\n<\/div>\n<\/div>\n<\/div>\n<\/div>\n<div class=\"c-virtual_list__sibling_container\"><\/div>\n<\/div>\n<\/div>\n<div class=\"c-scrollbar__track\" role=\"presentation\"><\/div>\n","protected":false},"excerpt":{"rendered":"<p>21\u00d715 cm board.<\/p>\n<p>7 temporary tattoos to cut out.<\/p>\n<p>Linseed oil-based ink (no henna).<\/p>\n<p>Apply to water.<\/p>\n<p>Remove with soap and water or cleansing milk.<\/p>\n<p>Holds for 3 to 7 days.<\/p>\n<p>Complies with CE standards.<\/p>\n","protected":false},"featured_media":26564,"comment_status":"open","ping_status":"closed","template":"","meta":{"_acf_changed":false,"inline_featured_image":false},"product_brand":[1176],"product_cat":[1167,1171,867,868,872,876,874],"product_tag":[],"class_list":{"0":"post-26936","1":"product","2":"type-product","3":"status-publish","4":"has-post-thumbnail","6":"product_brand-rene-la-mouise-en","7":"product_cat-men","8":"product_cat-star","9":"product_cat-temporary-tattoo","10":"product_cat-women","11":"product_cat-children","12":"product_cat-colors","13":"product_cat-animal-en","15":"first","16":"instock","17":"taxable","18":"shipping-taxable","19":"purchasable","20":"product-type-simple"},"acf":[],"yoast_head":"<!-- This site is optimized with the Yoast SEO plugin v25.4 - https:\/\/yoast.com\/wordpress\/plugins\/seo\/ -->\n<title>Blue ephemeral tattoos by Ren\u00e9 La Mouise &#8212; Bernard Forever<\/title>\n<meta name=\"description\" content=\"Discover the ephemeral tattoo board by Ren\u00e9 La Mouise, known for his exclusively blue and red tattoos. An offbeat style that&#039;s 100% validated!\" \/>\n<meta name=\"robots\" content=\"index, follow, max-snippet:-1, max-image-preview:large, max-video-preview:-1\" \/>\n<link rel=\"canonical\" href=\"https:\/\/bernardforever.fr\/en\/product\/original-gangster\/\" \/>\n<meta property=\"og:locale\" content=\"en_US\" \/>\n<meta property=\"og:type\" content=\"article\" \/>\n<meta property=\"og:title\" content=\"Blue ephemeral tattoos by Ren\u00e9 La Mouise &#8212; Bernard Forever\" \/>\n<meta property=\"og:description\" content=\"Discover the ephemeral tattoo board by Ren\u00e9 La Mouise, known for his exclusively blue and red tattoos. An offbeat style that&#039;s 100% validated!\" \/>\n<meta property=\"og:url\" content=\"https:\/\/bernardforever.fr\/en\/product\/original-gangster\/\" \/>\n<meta property=\"og:site_name\" content=\"Bernard Forever\" \/>\n<meta property=\"article:publisher\" content=\"https:\/\/facebook.com\/bernardforever\" \/>\n<meta property=\"article:modified_time\" content=\"2025-08-19T08:30:54+00:00\" \/>\n<meta property=\"og:image\" content=\"https:\/\/bernardforever.fr\/wp-content\/uploads\/2025\/03\/tatouage-ephemere-rene-la-mouise.jpg\" \/>\n\t<meta property=\"og:image:width\" content=\"1400\" \/>\n\t<meta property=\"og:image:height\" content=\"1400\" \/>\n\t<meta property=\"og:image:type\" content=\"image\/jpeg\" \/>\n<meta name=\"twitter:card\" content=\"summary_large_image\" \/>\n<!-- \/ Yoast SEO plugin. -->","yoast_head_json":{"title":"Blue ephemeral tattoos by Ren\u00e9 La Mouise &#8212; Bernard Forever","description":"Discover the ephemeral tattoo board by Ren\u00e9 La Mouise, known for his exclusively blue and red tattoos. An offbeat style that's 100% validated!","robots":{"index":"index","follow":"follow","max-snippet":"max-snippet:-1","max-image-preview":"max-image-preview:large","max-video-preview":"max-video-preview:-1"},"canonical":"https:\/\/bernardforever.fr\/en\/product\/original-gangster\/","og_locale":"en_US","og_type":"article","og_title":"Blue ephemeral tattoos by Ren\u00e9 La Mouise &#8212; Bernard Forever","og_description":"Discover the ephemeral tattoo board by Ren\u00e9 La Mouise, known for his exclusively blue and red tattoos. An offbeat style that's 100% validated!","og_url":"https:\/\/bernardforever.fr\/en\/product\/original-gangster\/","og_site_name":"Bernard Forever","article_publisher":"https:\/\/facebook.com\/bernardforever","article_modified_time":"2025-08-19T08:30:54+00:00","og_image":[{"width":1400,"height":1400,"url":"https:\/\/bernardforever.fr\/wp-content\/uploads\/2025\/03\/tatouage-ephemere-rene-la-mouise.jpg","type":"image\/jpeg"}],"twitter_card":"summary_large_image","schema":{"@context":"https:\/\/schema.org","@graph":[{"@type":"WebPage","@id":"https:\/\/bernardforever.fr\/en\/product\/original-gangster\/","url":"https:\/\/bernardforever.fr\/en\/product\/original-gangster\/","name":"Blue ephemeral tattoos by Ren\u00e9 La Mouise &#8212; Bernard Forever","isPartOf":{"@id":"https:\/\/bernardforever.fr\/en\/#website"},"primaryImageOfPage":{"@id":"https:\/\/bernardforever.fr\/en\/product\/original-gangster\/#primaryimage"},"image":{"@id":"https:\/\/bernardforever.fr\/en\/product\/original-gangster\/#primaryimage"},"thumbnailUrl":"https:\/\/bernardforever.fr\/wp-content\/uploads\/2025\/03\/tatouage-ephemere-rene-la-mouise.jpg","datePublished":"2025-03-27T16:21:42+00:00","dateModified":"2025-08-19T08:30:54+00:00","description":"Discover the ephemeral tattoo board by Ren\u00e9 La Mouise, known for his exclusively blue and red tattoos. An offbeat style that's 100% validated!","breadcrumb":{"@id":"https:\/\/bernardforever.fr\/en\/product\/original-gangster\/#breadcrumb"},"inLanguage":"en-US","potentialAction":[{"@type":"ReadAction","target":["https:\/\/bernardforever.fr\/en\/product\/original-gangster\/"]}]},{"@type":"ImageObject","inLanguage":"en-US","@id":"https:\/\/bernardforever.fr\/en\/product\/original-gangster\/#primaryimage","url":"https:\/\/bernardforever.fr\/wp-content\/uploads\/2025\/03\/tatouage-ephemere-rene-la-mouise.jpg","contentUrl":"https:\/\/bernardforever.fr\/wp-content\/uploads\/2025\/03\/tatouage-ephemere-rene-la-mouise.jpg","width":1400,"height":1400,"caption":"Tatouages \u00e9ph\u00e9m\u00e8res bleus et rouges dessin\u00e9s par Ren\u00e9 La Mouise"},{"@type":"BreadcrumbList","@id":"https:\/\/bernardforever.fr\/en\/product\/original-gangster\/#breadcrumb","itemListElement":[{"@type":"ListItem","position":1,"name":"Accueil","item":"https:\/\/bernardforever.fr\/en\/home\/"},{"@type":"ListItem","position":2,"name":"Shop","item":"https:\/\/bernardforever.fr\/en\/shop\/"},{"@type":"ListItem","position":3,"name":"Temporary tattoo","item":"https:\/\/bernardforever.fr\/en\/product-category\/temporary-tattoo\/"},{"@type":"ListItem","position":4,"name":"Original Gangster"}]},{"@type":"WebSite","@id":"https:\/\/bernardforever.fr\/en\/#website","url":"https:\/\/bernardforever.fr\/en\/","name":"Bernard Forever","description":"Tatoueur temporaire de p\u00e8re en fils depuis 2012","publisher":{"@id":"https:\/\/bernardforever.fr\/en\/#organization"},"potentialAction":[{"@type":"SearchAction","target":{"@type":"EntryPoint","urlTemplate":"https:\/\/bernardforever.fr\/en\/?s={search_term_string}"},"query-input":{"@type":"PropertyValueSpecification","valueRequired":true,"valueName":"search_term_string"}}],"inLanguage":"en-US"},{"@type":"Organization","@id":"https:\/\/bernardforever.fr\/en\/#organization","name":"Bernard Forever","url":"https:\/\/bernardforever.fr\/en\/","logo":{"@type":"ImageObject","inLanguage":"en-US","@id":"https:\/\/bernardforever.fr\/en\/#\/schema\/logo\/image\/","url":"https:\/\/bernardforever.fr\/wp-content\/uploads\/2020\/07\/logo-bf.png","contentUrl":"https:\/\/bernardforever.fr\/wp-content\/uploads\/2020\/07\/logo-bf.png","width":120,"height":138,"caption":"Bernard Forever"},"image":{"@id":"https:\/\/bernardforever.fr\/en\/#\/schema\/logo\/image\/"},"sameAs":["https:\/\/facebook.com\/bernardforever","https:\/\/instagram.com\/bernardforever"]}]}},"_links":{"self":[{"href":"https:\/\/bernardforever.fr\/en\/wp-json\/wp\/v2\/product\/26936","targetHints":{"allow":["GET"]}}],"collection":[{"href":"https:\/\/bernardforever.fr\/en\/wp-json\/wp\/v2\/product"}],"about":[{"href":"https:\/\/bernardforever.fr\/en\/wp-json\/wp\/v2\/types\/product"}],"replies":[{"embeddable":true,"href":"https:\/\/bernardforever.fr\/en\/wp-json\/wp\/v2\/comments?post=26936"}],"wp:featuredmedia":[{"embeddable":true,"href":"https:\/\/bernardforever.fr\/en\/wp-json\/wp\/v2\/media\/26564"}],"wp:attachment":[{"href":"https:\/\/bernardforever.fr\/en\/wp-json\/wp\/v2\/media?parent=26936"}],"wp:term":[{"taxonomy":"product_brand","embeddable":true,"href":"https:\/\/bernardforever.fr\/en\/wp-json\/wp\/v2\/product_brand?post=26936"},{"taxonomy":"product_cat","embeddable":true,"href":"https:\/\/bernardforever.fr\/en\/wp-json\/wp\/v2\/product_cat?post=26936"},{"taxonomy":"product_tag","embeddable":true,"href":"https:\/\/bernardforever.fr\/en\/wp-json\/wp\/v2\/product_tag?post=26936"}],"curies":[{"name":"wp","href":"https:\/\/api.w.org\/{rel}","templated":true}]}}