{"id":27124,"date":"2025-09-09T12:28:19","date_gmt":"2025-09-09T10:28:19","guid":{"rendered":"https:\/\/bernardforever.fr\/?post_type=product&#038;p=27124"},"modified":"2026-04-14T13:30:58","modified_gmt":"2026-04-14T11:30:58","slug":"rouge-baiser","status":"publish","type":"product","link":"https:\/\/bernardforever.fr\/en\/produit\/rouge-baiser\/","title":{"rendered":"Rouge baiser"},"content":{"rendered":"<p>Une planche \u00e0 tatouer qui sonne comme une d\u00e9claration d\u2019amour.<br \/>\nSensuel, politique, charnel, symbolique\u2026 Ce tattoo, c\u2019est un cri en rouge dans un monde trop gris.<br \/>\n\u00c0 d\u00e9couper, \u00e0 coller, \u00e0 afficher sans rougir.<\/p>\n","protected":false},"excerpt":{"rendered":"<p>Une planche \u00e0 tatouer qui sonne comme une d\u00e9claration d\u2019amour. Sensuel, politique, charnel, symbolique\u2026 Ce tattoo, c\u2019est un cri en rouge dans un monde trop gris. \u00c0 d\u00e9couper, \u00e0 coller, \u00e0 afficher sans rougir.<\/p>\n","protected":false},"featured_media":27127,"comment_status":"open","ping_status":"closed","template":"","meta":{"_acf_changed":false,"inline_featured_image":false},"product_brand":[237],"product_cat":[184,813,814,847],"product_tag":[],"class_list":{"0":"post-27124","1":"product","2":"type-product","3":"status-publish","4":"has-post-thumbnail","6":"product_brand-les-levres-rouges","7":"product_cat-tatouages-ephemeres","8":"product_cat-femme","9":"product_cat-homme","10":"product_cat-couleurs","12":"first","13":"instock","14":"taxable","15":"shipping-taxable","16":"purchasable","17":"product-type-simple"},"acf":[],"yoast_head":"<!-- This site is optimized with the Yoast SEO plugin v25.4 - https:\/\/yoast.com\/wordpress\/plugins\/seo\/ -->\n<title>Rouge Baiser \u2013 Tatouage \u00e9ph\u00e9m\u00e8re rouge<\/title>\n<meta name=\"description\" content=\"Un tatouage temporaire rouge, sensuel et symbolique. Un cri d\u2019amour \u00e0 afficher sans rougir. Charnel, po\u00e9tique, \u00e0 d\u00e9couper et coller.\" \/>\n<meta name=\"robots\" content=\"index, follow, max-snippet:-1, max-image-preview:large, max-video-preview:-1\" \/>\n<link rel=\"canonical\" href=\"https:\/\/bernardforever.fr\/en\/produit\/rouge-baiser\/\" \/>\n<meta property=\"og:locale\" content=\"en_US\" \/>\n<meta property=\"og:type\" content=\"article\" \/>\n<meta property=\"og:title\" content=\"Rouge Baiser \u2013 Tatouage \u00e9ph\u00e9m\u00e8re rouge\" \/>\n<meta property=\"og:description\" content=\"Un tatouage temporaire rouge, sensuel et symbolique. Un cri d\u2019amour \u00e0 afficher sans rougir. Charnel, po\u00e9tique, \u00e0 d\u00e9couper et coller.\" \/>\n<meta property=\"og:url\" content=\"https:\/\/bernardforever.fr\/en\/produit\/rouge-baiser\/\" \/>\n<meta property=\"og:site_name\" content=\"Bernard Forever\" \/>\n<meta property=\"article:publisher\" content=\"https:\/\/facebook.com\/bernardforever\" \/>\n<meta property=\"article:modified_time\" content=\"2026-04-14T11:30:58+00:00\" \/>\n<meta property=\"og:image\" content=\"https:\/\/bernardforever.fr\/wp-content\/uploads\/2025\/09\/tatouage-ephemere-les-levres-rouges-1-scaled.jpg\" \/>\n\t<meta property=\"og:image:width\" content=\"2560\" \/>\n\t<meta property=\"og:image:height\" content=\"2560\" \/>\n\t<meta property=\"og:image:type\" content=\"image\/jpeg\" \/>\n<meta name=\"twitter:card\" content=\"summary_large_image\" \/>\n<!-- \/ Yoast SEO plugin. -->","yoast_head_json":{"title":"Rouge Baiser \u2013 Tatouage \u00e9ph\u00e9m\u00e8re rouge","description":"Un tatouage temporaire rouge, sensuel et symbolique. Un cri d\u2019amour \u00e0 afficher sans rougir. Charnel, po\u00e9tique, \u00e0 d\u00e9couper et coller.","robots":{"index":"index","follow":"follow","max-snippet":"max-snippet:-1","max-image-preview":"max-image-preview:large","max-video-preview":"max-video-preview:-1"},"canonical":"https:\/\/bernardforever.fr\/en\/produit\/rouge-baiser\/","og_locale":"en_US","og_type":"article","og_title":"Rouge Baiser \u2013 Tatouage \u00e9ph\u00e9m\u00e8re rouge","og_description":"Un tatouage temporaire rouge, sensuel et symbolique. Un cri d\u2019amour \u00e0 afficher sans rougir. Charnel, po\u00e9tique, \u00e0 d\u00e9couper et coller.","og_url":"https:\/\/bernardforever.fr\/en\/produit\/rouge-baiser\/","og_site_name":"Bernard Forever","article_publisher":"https:\/\/facebook.com\/bernardforever","article_modified_time":"2026-04-14T11:30:58+00:00","og_image":[{"width":2560,"height":2560,"url":"https:\/\/bernardforever.fr\/wp-content\/uploads\/2025\/09\/tatouage-ephemere-les-levres-rouges-1-scaled.jpg","type":"image\/jpeg"}],"twitter_card":"summary_large_image","schema":{"@context":"https:\/\/schema.org","@graph":[{"@type":"WebPage","@id":"https:\/\/bernardforever.fr\/en\/produit\/rouge-baiser\/","url":"https:\/\/bernardforever.fr\/en\/produit\/rouge-baiser\/","name":"Rouge Baiser \u2013 Tatouage \u00e9ph\u00e9m\u00e8re rouge","isPartOf":{"@id":"https:\/\/bernardforever.fr\/en\/#website"},"primaryImageOfPage":{"@id":"https:\/\/bernardforever.fr\/en\/produit\/rouge-baiser\/#primaryimage"},"image":{"@id":"https:\/\/bernardforever.fr\/en\/produit\/rouge-baiser\/#primaryimage"},"thumbnailUrl":"https:\/\/bernardforever.fr\/wp-content\/uploads\/2025\/09\/tatouage-ephemere-les-levres-rouges-1-scaled.jpg","datePublished":"2025-09-09T10:28:19+00:00","dateModified":"2026-04-14T11:30:58+00:00","description":"Un tatouage temporaire rouge, sensuel et symbolique. Un cri d\u2019amour \u00e0 afficher sans rougir. Charnel, po\u00e9tique, \u00e0 d\u00e9couper et coller.","breadcrumb":{"@id":"https:\/\/bernardforever.fr\/en\/produit\/rouge-baiser\/#breadcrumb"},"inLanguage":"en-US","potentialAction":[{"@type":"ReadAction","target":["https:\/\/bernardforever.fr\/en\/produit\/rouge-baiser\/"]}]},{"@type":"ImageObject","inLanguage":"en-US","@id":"https:\/\/bernardforever.fr\/en\/produit\/rouge-baiser\/#primaryimage","url":"https:\/\/bernardforever.fr\/wp-content\/uploads\/2025\/09\/tatouage-ephemere-les-levres-rouges-1-scaled.jpg","contentUrl":"https:\/\/bernardforever.fr\/wp-content\/uploads\/2025\/09\/tatouage-ephemere-les-levres-rouges-1-scaled.jpg","width":2560,"height":2560},{"@type":"BreadcrumbList","@id":"https:\/\/bernardforever.fr\/en\/produit\/rouge-baiser\/#breadcrumb","itemListElement":[{"@type":"ListItem","position":1,"name":"Accueil","item":"https:\/\/bernardforever.fr\/en\/home\/"},{"@type":"ListItem","position":2,"name":"Shop","item":"https:\/\/bernardforever.fr\/en\/shop\/"},{"@type":"ListItem","position":3,"name":"Temporary tattoo","item":"https:\/\/bernardforever.fr\/en\/product-category\/temporary-tattoo\/"},{"@type":"ListItem","position":4,"name":"Rouge baiser"}]},{"@type":"WebSite","@id":"https:\/\/bernardforever.fr\/en\/#website","url":"https:\/\/bernardforever.fr\/en\/","name":"Bernard Forever","description":"Tatoueur temporaire de p\u00e8re en fils depuis 2012","publisher":{"@id":"https:\/\/bernardforever.fr\/en\/#organization"},"potentialAction":[{"@type":"SearchAction","target":{"@type":"EntryPoint","urlTemplate":"https:\/\/bernardforever.fr\/en\/?s={search_term_string}"},"query-input":{"@type":"PropertyValueSpecification","valueRequired":true,"valueName":"search_term_string"}}],"inLanguage":"en-US"},{"@type":"Organization","@id":"https:\/\/bernardforever.fr\/en\/#organization","name":"Bernard Forever","url":"https:\/\/bernardforever.fr\/en\/","logo":{"@type":"ImageObject","inLanguage":"en-US","@id":"https:\/\/bernardforever.fr\/en\/#\/schema\/logo\/image\/","url":"https:\/\/bernardforever.fr\/wp-content\/uploads\/2020\/07\/logo-bf.png","contentUrl":"https:\/\/bernardforever.fr\/wp-content\/uploads\/2020\/07\/logo-bf.png","width":120,"height":138,"caption":"Bernard Forever"},"image":{"@id":"https:\/\/bernardforever.fr\/en\/#\/schema\/logo\/image\/"},"sameAs":["https:\/\/facebook.com\/bernardforever","https:\/\/instagram.com\/bernardforever"]}]}},"_links":{"self":[{"href":"https:\/\/bernardforever.fr\/en\/wp-json\/wp\/v2\/product\/27124","targetHints":{"allow":["GET"]}}],"collection":[{"href":"https:\/\/bernardforever.fr\/en\/wp-json\/wp\/v2\/product"}],"about":[{"href":"https:\/\/bernardforever.fr\/en\/wp-json\/wp\/v2\/types\/product"}],"replies":[{"embeddable":true,"href":"https:\/\/bernardforever.fr\/en\/wp-json\/wp\/v2\/comments?post=27124"}],"wp:featuredmedia":[{"embeddable":true,"href":"https:\/\/bernardforever.fr\/en\/wp-json\/wp\/v2\/media\/27127"}],"wp:attachment":[{"href":"https:\/\/bernardforever.fr\/en\/wp-json\/wp\/v2\/media?parent=27124"}],"wp:term":[{"taxonomy":"product_brand","embeddable":true,"href":"https:\/\/bernardforever.fr\/en\/wp-json\/wp\/v2\/product_brand?post=27124"},{"taxonomy":"product_cat","embeddable":true,"href":"https:\/\/bernardforever.fr\/en\/wp-json\/wp\/v2\/product_cat?post=27124"},{"taxonomy":"product_tag","embeddable":true,"href":"https:\/\/bernardforever.fr\/en\/wp-json\/wp\/v2\/product_tag?post=27124"}],"curies":[{"name":"wp","href":"https:\/\/api.w.org\/{rel}","templated":true}]}}