{"id":27139,"date":"2025-09-09T12:21:46","date_gmt":"2025-09-09T10:21:46","guid":{"rendered":"https:\/\/bernardforever.fr\/?post_type=product&#038;p=27139"},"modified":"2026-02-11T11:48:32","modified_gmt":"2026-02-11T10:48:32","slug":"gravure-botanique","status":"publish","type":"product","link":"https:\/\/bernardforever.fr\/en\/produit\/gravure-botanique\/","title":{"rendered":"Gravure botanique"},"content":{"rendered":"<p>Une planche comme un jardin qu\u2019on emporte avec soi.<br \/>\nC\u2019est tout l\u2019univers de Nell Tatouage r\u00e9uni en une planche :<br \/>\ndes fleurs \u00e9closes, une coccinelle \u00e0 c\u0153ur ouvert, un papillon en vol et une abeille en maraude.<br \/>\nChaque motif est une invitation \u00e0 ralentir, observer, respirer. Et \u00e0 se tatouer un peu de douceur.<\/p>\n","protected":false},"excerpt":{"rendered":"<p>Une planche comme un jardin qu\u2019on emporte avec soi. C\u2019est tout l\u2019univers de Nell Tatouage r\u00e9uni en une planche : des fleurs \u00e9closes, une coccinelle \u00e0 c\u0153ur ouvert, un papillon en vol et une abeille en maraude. Chaque motif est une invitation \u00e0 ralentir, observer, respirer. Et \u00e0 se tatouer un peu de douceur.<\/p>\n","protected":false},"featured_media":27140,"comment_status":"open","ping_status":"closed","template":"","meta":{"_acf_changed":false,"inline_featured_image":false},"product_brand":[1187],"product_cat":[1166,184,813,814,815,838,816,817],"product_tag":[],"class_list":{"0":"post-27139","1":"product","2":"type-product","3":"status-publish","4":"has-post-thumbnail","6":"product_brand-nell-tatouage","7":"product_cat-noir","8":"product_cat-tatouages-ephemeres","9":"product_cat-femme","10":"product_cat-homme","11":"product_cat-enfant","12":"product_cat-line-art","13":"product_cat-fleur","14":"product_cat-animal","16":"first","17":"instock","18":"taxable","19":"shipping-taxable","20":"purchasable","21":"product-type-simple"},"acf":[],"yoast_head":"<!-- This site is optimized with the Yoast SEO plugin v25.4 - https:\/\/yoast.com\/wordpress\/plugins\/seo\/ -->\n<title>Gravure botanique &#8212; Bernard Forever<\/title>\n<meta name=\"robots\" content=\"index, follow, max-snippet:-1, max-image-preview:large, max-video-preview:-1\" \/>\n<link rel=\"canonical\" href=\"https:\/\/bernardforever.fr\/en\/produit\/gravure-botanique\/\" \/>\n<meta property=\"og:locale\" content=\"en_US\" \/>\n<meta property=\"og:type\" content=\"article\" \/>\n<meta property=\"og:title\" content=\"Gravure botanique &#8212; Bernard Forever\" \/>\n<meta property=\"og:description\" content=\"Une planche comme un jardin qu\u2019on emporte avec soi. C\u2019est tout l\u2019univers de Nell Tatouage r\u00e9uni en une planche : des fleurs \u00e9closes, une coccinelle \u00e0 c\u0153ur ouvert, un papillon en vol et une abeille en maraude. Chaque motif est une invitation \u00e0 ralentir, observer, respirer. Et \u00e0 se tatouer un peu de douceur.\" \/>\n<meta property=\"og:url\" content=\"https:\/\/bernardforever.fr\/en\/produit\/gravure-botanique\/\" \/>\n<meta property=\"og:site_name\" content=\"Bernard Forever\" \/>\n<meta property=\"article:publisher\" content=\"https:\/\/facebook.com\/bernardforever\" \/>\n<meta property=\"article:modified_time\" content=\"2026-02-11T10:48:32+00:00\" \/>\n<meta property=\"og:image\" content=\"https:\/\/bernardforever.fr\/wp-content\/uploads\/2025\/09\/tatouage-ephemere-nell-tatouage-1-scaled.jpg\" \/>\n\t<meta property=\"og:image:width\" content=\"2560\" \/>\n\t<meta property=\"og:image:height\" content=\"2560\" \/>\n\t<meta property=\"og:image:type\" content=\"image\/jpeg\" \/>\n<meta name=\"twitter:card\" content=\"summary_large_image\" \/>\n<!-- \/ Yoast SEO plugin. -->","yoast_head_json":{"title":"Gravure botanique &#8212; Bernard Forever","robots":{"index":"index","follow":"follow","max-snippet":"max-snippet:-1","max-image-preview":"max-image-preview:large","max-video-preview":"max-video-preview:-1"},"canonical":"https:\/\/bernardforever.fr\/en\/produit\/gravure-botanique\/","og_locale":"en_US","og_type":"article","og_title":"Gravure botanique &#8212; Bernard Forever","og_description":"Une planche comme un jardin qu\u2019on emporte avec soi. C\u2019est tout l\u2019univers de Nell Tatouage r\u00e9uni en une planche : des fleurs \u00e9closes, une coccinelle \u00e0 c\u0153ur ouvert, un papillon en vol et une abeille en maraude. Chaque motif est une invitation \u00e0 ralentir, observer, respirer. Et \u00e0 se tatouer un peu de douceur.","og_url":"https:\/\/bernardforever.fr\/en\/produit\/gravure-botanique\/","og_site_name":"Bernard Forever","article_publisher":"https:\/\/facebook.com\/bernardforever","article_modified_time":"2026-02-11T10:48:32+00:00","og_image":[{"width":2560,"height":2560,"url":"https:\/\/bernardforever.fr\/wp-content\/uploads\/2025\/09\/tatouage-ephemere-nell-tatouage-1-scaled.jpg","type":"image\/jpeg"}],"twitter_card":"summary_large_image","schema":{"@context":"https:\/\/schema.org","@graph":[{"@type":"WebPage","@id":"https:\/\/bernardforever.fr\/en\/produit\/gravure-botanique\/","url":"https:\/\/bernardforever.fr\/en\/produit\/gravure-botanique\/","name":"Gravure botanique &#8212; Bernard Forever","isPartOf":{"@id":"https:\/\/bernardforever.fr\/en\/#website"},"primaryImageOfPage":{"@id":"https:\/\/bernardforever.fr\/en\/produit\/gravure-botanique\/#primaryimage"},"image":{"@id":"https:\/\/bernardforever.fr\/en\/produit\/gravure-botanique\/#primaryimage"},"thumbnailUrl":"https:\/\/bernardforever.fr\/wp-content\/uploads\/2025\/09\/tatouage-ephemere-nell-tatouage-1-scaled.jpg","datePublished":"2025-09-09T10:21:46+00:00","dateModified":"2026-02-11T10:48:32+00:00","breadcrumb":{"@id":"https:\/\/bernardforever.fr\/en\/produit\/gravure-botanique\/#breadcrumb"},"inLanguage":"en-US","potentialAction":[{"@type":"ReadAction","target":["https:\/\/bernardforever.fr\/en\/produit\/gravure-botanique\/"]}]},{"@type":"ImageObject","inLanguage":"en-US","@id":"https:\/\/bernardforever.fr\/en\/produit\/gravure-botanique\/#primaryimage","url":"https:\/\/bernardforever.fr\/wp-content\/uploads\/2025\/09\/tatouage-ephemere-nell-tatouage-1-scaled.jpg","contentUrl":"https:\/\/bernardforever.fr\/wp-content\/uploads\/2025\/09\/tatouage-ephemere-nell-tatouage-1-scaled.jpg","width":2560,"height":2560},{"@type":"BreadcrumbList","@id":"https:\/\/bernardforever.fr\/en\/produit\/gravure-botanique\/#breadcrumb","itemListElement":[{"@type":"ListItem","position":1,"name":"Accueil","item":"https:\/\/bernardforever.fr\/en\/home\/"},{"@type":"ListItem","position":2,"name":"Shop","item":"https:\/\/bernardforever.fr\/en\/shop\/"},{"@type":"ListItem","position":3,"name":"Temporary tattoo","item":"https:\/\/bernardforever.fr\/en\/product-category\/temporary-tattoo\/"},{"@type":"ListItem","position":4,"name":"Gravure botanique"}]},{"@type":"WebSite","@id":"https:\/\/bernardforever.fr\/en\/#website","url":"https:\/\/bernardforever.fr\/en\/","name":"Bernard Forever","description":"Tatoueur temporaire de p\u00e8re en fils depuis 2012","publisher":{"@id":"https:\/\/bernardforever.fr\/en\/#organization"},"potentialAction":[{"@type":"SearchAction","target":{"@type":"EntryPoint","urlTemplate":"https:\/\/bernardforever.fr\/en\/?s={search_term_string}"},"query-input":{"@type":"PropertyValueSpecification","valueRequired":true,"valueName":"search_term_string"}}],"inLanguage":"en-US"},{"@type":"Organization","@id":"https:\/\/bernardforever.fr\/en\/#organization","name":"Bernard Forever","url":"https:\/\/bernardforever.fr\/en\/","logo":{"@type":"ImageObject","inLanguage":"en-US","@id":"https:\/\/bernardforever.fr\/en\/#\/schema\/logo\/image\/","url":"https:\/\/bernardforever.fr\/wp-content\/uploads\/2020\/07\/logo-bf.png","contentUrl":"https:\/\/bernardforever.fr\/wp-content\/uploads\/2020\/07\/logo-bf.png","width":120,"height":138,"caption":"Bernard Forever"},"image":{"@id":"https:\/\/bernardforever.fr\/en\/#\/schema\/logo\/image\/"},"sameAs":["https:\/\/facebook.com\/bernardforever","https:\/\/instagram.com\/bernardforever"]}]}},"_links":{"self":[{"href":"https:\/\/bernardforever.fr\/en\/wp-json\/wp\/v2\/product\/27139","targetHints":{"allow":["GET"]}}],"collection":[{"href":"https:\/\/bernardforever.fr\/en\/wp-json\/wp\/v2\/product"}],"about":[{"href":"https:\/\/bernardforever.fr\/en\/wp-json\/wp\/v2\/types\/product"}],"replies":[{"embeddable":true,"href":"https:\/\/bernardforever.fr\/en\/wp-json\/wp\/v2\/comments?post=27139"}],"wp:featuredmedia":[{"embeddable":true,"href":"https:\/\/bernardforever.fr\/en\/wp-json\/wp\/v2\/media\/27140"}],"wp:attachment":[{"href":"https:\/\/bernardforever.fr\/en\/wp-json\/wp\/v2\/media?parent=27139"}],"wp:term":[{"taxonomy":"product_brand","embeddable":true,"href":"https:\/\/bernardforever.fr\/en\/wp-json\/wp\/v2\/product_brand?post=27139"},{"taxonomy":"product_cat","embeddable":true,"href":"https:\/\/bernardforever.fr\/en\/wp-json\/wp\/v2\/product_cat?post=27139"},{"taxonomy":"product_tag","embeddable":true,"href":"https:\/\/bernardforever.fr\/en\/wp-json\/wp\/v2\/product_tag?post=27139"}],"curies":[{"name":"wp","href":"https:\/\/api.w.org\/{rel}","templated":true}]}}